{"id":13341,"date":"2025-04-03T00:01:34","date_gmt":"2025-04-02T22:01:34","guid":{"rendered":"https:\/\/noaf.de\/shop\/?post_type=product&#038;p=13341"},"modified":"2026-04-03T02:13:09","modified_gmt":"2026-04-03T00:13:09","slug":"special","status":"publish","type":"product","link":"https:\/\/noaf.de\/shop\/produkt\/special\/","title":{"rendered":"Jubil\u00e4ums &#8211; Special"},"content":{"rendered":"<p>1 Weekendticket, Shirt oder Tank und ein Goodie!<br \/>\nACHTUNG: Bitte bei der Bestellung angeben ob du ein Shirt oder Tanktop haben m\u00f6chtest und deine gew\u00fcnschte Gr\u00f6\u00dfe nicht vergessen!<\/p>\n","protected":false},"excerpt":{"rendered":"<p>1 Weekendticket, Shirt oder Tank und ein Goodie! ACHTUNG: Bitte bei der Bestellung angeben ob du ein Shirt oder Tanktop haben m\u00f6chtest und deine gew\u00fcnschte Gr\u00f6\u00dfe nicht vergessen!<\/p>\n","protected":false},"featured_media":15172,"template":"","meta":[],"product_brand":[],"product_cat":[34],"product_tag":[],"class_list":{"0":"post-13341","1":"product","2":"type-product","3":"status-publish","4":"has-post-thumbnail","6":"product_cat-tickets","7":"product_shipping_class-paket","9":"first","10":"instock","11":"taxable","12":"shipping-taxable","13":"purchasable","14":"product-type-simple"},"_links":{"self":[{"href":"https:\/\/noaf.de\/shop\/wp-json\/wp\/v2\/product\/13341","targetHints":{"allow":["GET"]}}],"collection":[{"href":"https:\/\/noaf.de\/shop\/wp-json\/wp\/v2\/product"}],"about":[{"href":"https:\/\/noaf.de\/shop\/wp-json\/wp\/v2\/types\/product"}],"wp:featuredmedia":[{"embeddable":true,"href":"https:\/\/noaf.de\/shop\/wp-json\/wp\/v2\/media\/15172"}],"wp:attachment":[{"href":"https:\/\/noaf.de\/shop\/wp-json\/wp\/v2\/media?parent=13341"}],"wp:term":[{"taxonomy":"product_brand","embeddable":true,"href":"https:\/\/noaf.de\/shop\/wp-json\/wp\/v2\/product_brand?post=13341"},{"taxonomy":"product_cat","embeddable":true,"href":"https:\/\/noaf.de\/shop\/wp-json\/wp\/v2\/product_cat?post=13341"},{"taxonomy":"product_tag","embeddable":true,"href":"https:\/\/noaf.de\/shop\/wp-json\/wp\/v2\/product_tag?post=13341"}],"curies":[{"name":"wp","href":"https:\/\/api.w.org\/{rel}","templated":true}]}}